{"id":2487,"date":"2025-03-27T12:12:58","date_gmt":"2025-03-27T11:12:58","guid":{"rendered":"https:\/\/wood21.sggw.edu.pl\/warsaw\/"},"modified":"2025-04-17T11:49:17","modified_gmt":"2025-04-17T09:49:17","slug":"warsaw","status":"publish","type":"page","link":"https:\/\/wood21.sggw.edu.pl\/en\/warsaw\/","title":{"rendered":"Warsaw"},"content":{"rendered":"\t\t<div data-elementor-type=\"wp-page\" data-elementor-id=\"2487\" class=\"elementor elementor-2487\" data-elementor-post-type=\"page\">\n\t\t\t\t<div class=\"elementor-element elementor-element-5f30627 e-flex e-con-boxed e-con e-parent\" data-id=\"5f30627\" data-element_type=\"container\">\n\t\t\t\t\t<div class=\"e-con-inner\">\n\t\t\t\t<div class=\"elementor-element elementor-element-75746f0 elementor-widget elementor-widget-wp-widget-bcn_widget\" data-id=\"75746f0\" data-element_type=\"widget\" data-widget_type=\"wp-widget-bcn_widget.default\">\n\t\t\t\t<div class=\"elementor-widget-container\">\n\t\t\t<div class=\"mn-grid breadcrumb\">\n                                    <div class=\"breadcrumb-inner mn-grid-12\"><div class=\"breadcrumbs\" vocab=\"https:\/\/schema.org\/\" typeof=\"BreadcrumbList\"><span property=\"itemListElement\" typeof=\"ListItem\"><a property=\"item\" typeof=\"WebPage\" title=\"Go to SGGW Witryn.\" href=\"https:\/\/www.sggw.edu.pl\/\" class=\"main-home\" ><span property=\"name\">SGGW Witryn<\/span><\/a><meta property=\"position\" content=\"1\"><\/span> \/ <span property=\"itemListElement\" typeof=\"ListItem\"><a property=\"item\" typeof=\"WebPage\" title=\"Go to Konferencja drewno21.\" href=\"https:\/\/wood21.sggw.edu.pl\/en\/\" class=\"home\" aria-current=\"page\"><span property=\"name\">Home<\/span><\/a><meta property=\"position\" content=\"2\"><\/span><\/div>    <\/div>\n                                <\/div>\t\t<\/div>\n\t\t\t\t<\/div>\n\t\t\t\t<div class=\"elementor-element elementor-element-4923071 elementor-widget elementor-widget-heading\" data-id=\"4923071\" data-element_type=\"widget\" data-widget_type=\"heading.default\">\n\t\t\t\t<div class=\"elementor-widget-container\">\n\t\t\t<h2 class=\"elementor-heading-title elementor-size-default\">Warsaw<\/h2>\t\t<\/div>\n\t\t\t\t<\/div>\n\t\t\t\t\t<\/div>\n\t\t\t\t<\/div>\n\t\t<div class=\"elementor-element elementor-element-908ffc3 e-flex e-con-boxed e-con e-parent\" data-id=\"908ffc3\" data-element_type=\"container\">\n\t\t\t\t\t<div class=\"e-con-inner\">\n\t\t\t\t<div class=\"elementor-element elementor-element-41ab775 elementor-widget elementor-widget-heading\" data-id=\"41ab775\" data-element_type=\"widget\" data-widget_type=\"heading.default\">\n\t\t\t\t<div class=\"elementor-widget-container\">\n\t\t\t<h2 class=\"elementor-heading-title elementor-size-default\">The Royal Baths Park<\/h2>\t\t<\/div>\n\t\t\t\t<\/div>\n\t\t\t\t<div class=\"elementor-element elementor-element-1a183c6 elementor-widget elementor-widget-text-editor\" data-id=\"1a183c6\" data-element_type=\"widget\" data-widget_type=\"text-editor.default\">\n\t\t\t\t<div class=\"elementor-widget-container\">\n\t\t\t\t\t\t\t<p>This is the largest park in Warsaw, and it&#8217;s absolutely stunning! It&#8217;s got the most beautiful architecture and nature, and it&#8217;s a really special place. It&#8217;s home to the Palace on the Isle, which was the former summer residence of King Stanis\u0142aw August Poniatowski. It&#8217;s a really beautiful building, and it&#8217;s surrounded by picturesque ponds and old trees, which make it a really peaceful place to visit. As you wander through the park, you&#8217;ll encounter the enchanting Theatre on the Island, the charming White House, the historic Orangery, and the Frederic Chopin Monument, where you can enjoy beautiful piano concerts during the summer months. The park is also home to peacocks and squirrels, adding to its unique charm and making it a place you&#8217;ll want to return to again and again. <a title=\"site\" href=\"https:\/\/www.lazienki-krolewskie.pl\/en\" target=\"_blank\" rel=\"noopener\">https:\/\/www.lazienki-krolewskie.pl\/pl<\/a><\/p>\t\t\t\t\t\t<\/div>\n\t\t\t\t<\/div>\n\t\t\t\t\t<\/div>\n\t\t\t\t<\/div>\n\t\t<div class=\"elementor-element elementor-element-a1e5591 e-flex e-con-boxed e-con e-parent\" data-id=\"a1e5591\" data-element_type=\"container\">\n\t\t\t\t\t<div class=\"e-con-inner\">\n\t\t\t\t<div class=\"elementor-element elementor-element-333855b elementor-widget elementor-widget-heading\" data-id=\"333855b\" data-element_type=\"widget\" data-widget_type=\"heading.default\">\n\t\t\t\t<div class=\"elementor-widget-container\">\n\t\t\t<h2 class=\"elementor-heading-title elementor-size-default\">The Old Town and Royal Castle<\/h2>\t\t<\/div>\n\t\t\t\t<\/div>\n\t\t\t\t<div class=\"elementor-element elementor-element-f12150c elementor-widget elementor-widget-text-editor\" data-id=\"f12150c\" data-element_type=\"widget\" data-widget_type=\"text-editor.default\">\n\t\t\t\t<div class=\"elementor-widget-container\">\n\t\t\t\t\t\t\t<p>Warsaw&#8217;s Old Town is a place like no other. It&#8217;s been listed by UNESCO for being one of the most beautiful places in the capital, and it&#8217;s easy to see why. After World War II, it was lovingly rebuilt, so that today we can enjoy its rich history.Castle Square with the Column of Sigismund III Vasa is a great place to start your sightseeing, and you can&#8217;t miss the Royal Castle. The Royal Castle, where Polish rulers used to live, is another must-see. You can wander through the narrow streets of the Old Town, take in the Old Town Square, admire the colourful townhouses and relax in one of the many cafes. <a title=\" site zamek kr\u00f3lewski(external link, opens in new tab)\" href=\"https:\/\/www.zamek-krolewski.pl\/en\" target=\"_blank\" rel=\"noopener\">https:\/\/www.zamek-krolewski.pl\/<\/a><\/p>\t\t\t\t\t\t<\/div>\n\t\t\t\t<\/div>\n\t\t\t\t\t<\/div>\n\t\t\t\t<\/div>\n\t\t<div class=\"elementor-element elementor-element-959eb23 e-flex e-con-boxed e-con e-parent\" data-id=\"959eb23\" data-element_type=\"container\">\n\t\t\t\t\t<div class=\"e-con-inner\">\n\t\t\t\t<div class=\"elementor-element elementor-element-7396e73 elementor-widget elementor-widget-heading\" data-id=\"7396e73\" data-element_type=\"widget\" data-widget_type=\"heading.default\">\n\t\t\t\t<div class=\"elementor-widget-container\">\n\t\t\t<h2 class=\"elementor-heading-title elementor-size-default\">The Warsaw Rising Museum<\/h2>\t\t<\/div>\n\t\t\t\t<\/div>\n\t\t\t\t<div class=\"elementor-element elementor-element-e0b8780 elementor-widget elementor-widget-text-editor\" data-id=\"e0b8780\" data-element_type=\"widget\" data-widget_type=\"text-editor.default\">\n\t\t\t\t<div class=\"elementor-widget-container\">\n\t\t\t\t\t\t\t<p>This is one of the most important museums in Poland dedicated to the history of the Warsaw Uprising of 1944. The interactive exhibition allows you to feel the atmosphere of those days &#8211; you can see the reconstructed sewers of the Uprising, listen to the memories of the participants of the Uprising and watch archive photos and films. The centrepiece of the museum is the steel monolith in which &#8216;the symbolic heart of the city beats&#8217;. There is also a replica of the Liberator B-24 aircraft that dropped supplies to the rebels. It is an exciting place to visit and a good way to understand Warsaw&#8217;s history. <a title=\" site 1944 (external link, opens in new tab)\" href=\"https:\/\/www.1944.pl\/en\" target=\"_blank\" rel=\"noopener\">https:\/\/www.1944.pl\/historia.html<\/a><\/p>\t\t\t\t\t\t<\/div>\n\t\t\t\t<\/div>\n\t\t\t\t\t<\/div>\n\t\t\t\t<\/div>\n\t\t<div class=\"elementor-element elementor-element-8be4876 e-flex e-con-boxed e-con e-parent\" data-id=\"8be4876\" data-element_type=\"container\">\n\t\t\t\t\t<div class=\"e-con-inner\">\n\t\t\t\t<div class=\"elementor-element elementor-element-87ab09a elementor-widget elementor-widget-heading\" data-id=\"87ab09a\" data-element_type=\"widget\" data-widget_type=\"heading.default\">\n\t\t\t\t<div class=\"elementor-widget-container\">\n\t\t\t<h2 class=\"elementor-heading-title elementor-size-default\">The Palace of Culture and Science<\/h2>\t\t<\/div>\n\t\t\t\t<\/div>\n\t\t\t\t<div class=\"elementor-element elementor-element-fbf15fe elementor-widget elementor-widget-text-editor\" data-id=\"fbf15fe\" data-element_type=\"widget\" data-widget_type=\"text-editor.default\">\n\t\t\t\t<div class=\"elementor-widget-container\">\n\t\t\t\t\t\t\t<p>The tallest building in Warsaw and one of the city&#8217;s most recognisable symbols. Built in the 1950s as a &#8216;gift from the Soviet people to Poland&#8217;, it has caused controversy over the years, but is now an important landmark on the map of the capital. You can go up to the observation deck on the 30th floor for a panoramic view of the whole of Warsaw. The building houses many cultural institutions such as the Drama Theatre, the Museum of Evolution, cinemas and concert halls. In the evening, the palace is beautifully lit up and its illumination changes according to the occasion. <a title=\" site pkin(external link, opens in new tab)\" href=\"https:\/\/pkin.pl\/en\/home\/\" target=\"_blank\" rel=\"noopener\">https:\/\/pkin.pl\/<\/a><\/p>\t\t\t\t\t\t<\/div>\n\t\t\t\t<\/div>\n\t\t\t\t\t<\/div>\n\t\t\t\t<\/div>\n\t\t<div class=\"elementor-element elementor-element-7f509df e-flex e-con-boxed e-con e-parent\" data-id=\"7f509df\" data-element_type=\"container\">\n\t\t\t\t\t<div class=\"e-con-inner\">\n\t\t\t\t<div class=\"elementor-element elementor-element-5e73acb elementor-widget elementor-widget-heading\" data-id=\"5e73acb\" data-element_type=\"widget\" data-widget_type=\"heading.default\">\n\t\t\t\t<div class=\"elementor-widget-container\">\n\t\t\t<h2 class=\"elementor-heading-title elementor-size-default\">The Vistula Boulevards<\/h2>\t\t<\/div>\n\t\t\t\t<\/div>\n\t\t\t\t<div class=\"elementor-element elementor-element-2982161 elementor-widget elementor-widget-text-editor\" data-id=\"2982161\" data-element_type=\"widget\" data-widget_type=\"text-editor.default\">\n\t\t\t\t<div class=\"elementor-widget-container\">\n\t\t\t\t\t\t\t<p>This is one of the most popular places to stroll and relax in Warsaw. Situated along the banks of the Vistula River, the boulevards offer modern promenades, cycle paths, city beaches and many open-air pubs. Concerts, film screenings and sporting events are held here in the summer. Take a stroll from the \u015awi\u0119tokrzyski Bridge towards the Copernicus Science Centre and then on to the Poniat\u00f3wka beach for a beautiful view of the Warsaw skyline. In the evening, the boulevards come alive and the bridges and surrounding buildings are spectacularly illuminated. <a title=\" bulwary wi\u015blane (external link, opens in new tab)\" href=\"https:\/\/zzw.waw.pl\/nasze-dzialania\/dzielnica-wisla\/bulwary-wislane\/\" target=\"_blank\" rel=\"noopener\">https:\/\/zzw.waw.pl\/nasze-dzialania\/dzielnica-wisla\/bulwary-wislane\/<\/a><\/p>\t\t\t\t\t\t<\/div>\n\t\t\t\t<\/div>\n\t\t\t\t\t<\/div>\n\t\t\t\t<\/div>\n\t\t\t\t<\/div>\n\t\t","protected":false},"excerpt":{"rendered":"<p>Warsaw The Royal Baths Park This is the largest park in Warsaw, and it&#8217;s absolutely stunning! It&#8217;s got the most beautiful architecture and nature, and it&#8217;s a really special place. It&#8217;s home to the Palace on the Isle, which was the former summer residence of King Stanis\u0142aw August Poniatowski. It&#8217;s a really beautiful building, and [&hellip;]<\/p>\n","protected":false},"author":36601,"featured_media":0,"parent":0,"menu_order":0,"comment_status":"closed","ping_status":"closed","template":"","meta":{"_acf_changed":false,"footnotes":""},"class_list":["post-2487","page","type-page","status-publish","hentry"],"acf":[],"_links":{"self":[{"href":"https:\/\/wood21.sggw.edu.pl\/en\/wp-json\/wp\/v2\/pages\/2487","targetHints":{"allow":["GET"]}}],"collection":[{"href":"https:\/\/wood21.sggw.edu.pl\/en\/wp-json\/wp\/v2\/pages"}],"about":[{"href":"https:\/\/wood21.sggw.edu.pl\/en\/wp-json\/wp\/v2\/types\/page"}],"author":[{"embeddable":true,"href":"https:\/\/wood21.sggw.edu.pl\/en\/wp-json\/wp\/v2\/users\/36601"}],"replies":[{"embeddable":true,"href":"https:\/\/wood21.sggw.edu.pl\/en\/wp-json\/wp\/v2\/comments?post=2487"}],"version-history":[{"count":4,"href":"https:\/\/wood21.sggw.edu.pl\/en\/wp-json\/wp\/v2\/pages\/2487\/revisions"}],"predecessor-version":[{"id":2778,"href":"https:\/\/wood21.sggw.edu.pl\/en\/wp-json\/wp\/v2\/pages\/2487\/revisions\/2778"}],"wp:attachment":[{"href":"https:\/\/wood21.sggw.edu.pl\/en\/wp-json\/wp\/v2\/media?parent=2487"}],"curies":[{"name":"wp","href":"https:\/\/api.w.org\/{rel}","templated":true}]}}