{"id":2490,"date":"2025-03-26T15:02:03","date_gmt":"2025-03-26T14:02:03","guid":{"rendered":"https:\/\/wood21.sggw.edu.pl\/rejestracja\/"},"modified":"2026-04-21T14:33:08","modified_gmt":"2026-04-21T12:33:08","slug":"rejestracja","status":"publish","type":"page","link":"https:\/\/wood21.sggw.edu.pl\/en\/rejestracja\/","title":{"rendered":"Registrations"},"content":{"rendered":"\t\t<div data-elementor-type=\"wp-page\" data-elementor-id=\"2490\" class=\"elementor elementor-2490\" data-elementor-post-type=\"page\">\n\t\t\t\t<div class=\"elementor-element elementor-element-caa1c8c e-flex e-con-boxed e-con e-parent\" data-id=\"caa1c8c\" data-element_type=\"container\">\n\t\t\t\t\t<div class=\"e-con-inner\">\n\t\t\t\t<div class=\"elementor-element elementor-element-7f8f64c elementor-widget elementor-widget-wp-widget-bcn_widget\" data-id=\"7f8f64c\" data-element_type=\"widget\" data-widget_type=\"wp-widget-bcn_widget.default\">\n\t\t\t\t<div class=\"elementor-widget-container\">\n\t\t\t<div class=\"mn-grid breadcrumb\">\n                                    <div class=\"breadcrumb-inner mn-grid-12\"><div class=\"breadcrumbs\" vocab=\"https:\/\/schema.org\/\" typeof=\"BreadcrumbList\"><span property=\"itemListElement\" typeof=\"ListItem\"><a property=\"item\" typeof=\"WebPage\" title=\"Go to SGGW Witryn.\" href=\"https:\/\/www.sggw.edu.pl\/\" class=\"main-home\" ><span property=\"name\">SGGW Witryn<\/span><\/a><meta property=\"position\" content=\"1\"><\/span> \/ <span property=\"itemListElement\" typeof=\"ListItem\"><a property=\"item\" typeof=\"WebPage\" title=\"Go to Konferencja drewno21.\" href=\"https:\/\/wood21.sggw.edu.pl\/en\/\" class=\"home\" aria-current=\"page\"><span property=\"name\">Home<\/span><\/a><meta property=\"position\" content=\"2\"><\/span><\/div>    <\/div>\n                                <\/div>\t\t<\/div>\n\t\t\t\t<\/div>\n\t\t\t\t\t<\/div>\n\t\t\t\t<\/div>\n\t\t<div class=\"elementor-element elementor-element-9a6ae9e e-flex e-con-boxed e-con e-parent\" data-id=\"9a6ae9e\" data-element_type=\"container\">\n\t\t\t\t\t<div class=\"e-con-inner\">\n\t\t\t\t<div class=\"elementor-element elementor-element-a54ce45 elementor-widget elementor-widget-heading\" data-id=\"a54ce45\" data-element_type=\"widget\" data-widget_type=\"heading.default\">\n\t\t\t\t<div class=\"elementor-widget-container\">\n\t\t\t<h1 class=\"elementor-heading-title elementor-size-default\">Registrations <\/h1>\t\t<\/div>\n\t\t\t\t<\/div>\n\t\t\t\t\t<\/div>\n\t\t\t\t<\/div>\n\t\t<div class=\"elementor-element elementor-element-25efb84 e-flex e-con-boxed e-con e-parent\" data-id=\"25efb84\" data-element_type=\"container\">\n\t\t\t\t\t<div class=\"e-con-inner\">\n\t\t\t\t<div class=\"elementor-element elementor-element-1192b72 elementor-align-justify elementor-widget elementor-widget-button\" data-id=\"1192b72\" data-element_type=\"widget\" data-widget_type=\"button.default\">\n\t\t\t\t<div class=\"elementor-widget-container\">\n\t\t\t\t\t\t\t<div class=\"elementor-button-wrapper\">\n\t\t\t\t\t<a class=\"elementor-button elementor-button-link elementor-size-xl\" href=\"https:\/\/forms.office.com\/Pages\/ResponsePage.aspx?id=Qiv5cNMdqUGuDgHL5Hy8eXxlPO6AMoJJjGSfDcQ3RctUNjdMQzFWSUVSMFlTV04zN05YRDVUNFZGViQlQCN0PWcu\" target=\"_blank\" rel=\"nofollow\" title=\"\" opens=\"\">\n\t\t\t\t\t\t<span class=\"elementor-button-content-wrapper\">\n\t\t\t\t\t\t\t\t\t<span class=\"elementor-button-text\">                                     REGISTER HERE               <\/span>\n\t\t\t\t\t<\/span>\n\t\t\t\t\t<\/a>\n\t\t\t\t<\/div>\n\t\t\t\t\t\t<\/div>\n\t\t\t\t<\/div>\n\t\t\t\t\t<\/div>\n\t\t\t\t<\/div>\n\t\t<div class=\"elementor-element elementor-element-1d3e981 e-flex e-con-boxed e-con e-child\" data-id=\"1d3e981\" data-element_type=\"container\" data-settings=\"{&quot;background_background&quot;:&quot;classic&quot;}\">\n\t\t\t\t\t<div class=\"e-con-inner\">\n\t\t<div class=\"elementor-element elementor-element-d045d39 e-con-full e-flex e-con e-child\" data-id=\"d045d39\" data-element_type=\"container\">\n\t\t<div class=\"elementor-element elementor-element-46d2b71 e-con-full e-flex e-con e-child\" data-id=\"46d2b71\" data-element_type=\"container\" data-settings=\"{&quot;background_background&quot;:&quot;classic&quot;}\">\n\t\t\t\t<div class=\"elementor-element elementor-element-4beb97b elementor-widget elementor-widget-heading\" data-id=\"4beb97b\" data-element_type=\"widget\" data-widget_type=\"heading.default\">\n\t\t\t\t<div class=\"elementor-widget-container\">\n\t\t\t<h2 class=\"elementor-heading-title elementor-size-default\">Timetable<\/h2>\t\t<\/div>\n\t\t\t\t<\/div>\n\t\t\t\t<\/div>\n\t\t\t\t<\/div>\n\t\t<div class=\"elementor-element elementor-element-21d67e5 e-con-full e-flex e-con e-child\" data-id=\"21d67e5\" data-element_type=\"container\">\n\t\t<div class=\"elementor-element elementor-element-4f9e0e4 e-con-full e-flex e-con e-child\" data-id=\"4f9e0e4\" data-element_type=\"container\" data-settings=\"{&quot;background_background&quot;:&quot;classic&quot;}\">\n\t\t\t\t<div class=\"elementor-element elementor-element-d181457 elementor-widget elementor-widget-text-editor\" data-id=\"d181457\" data-element_type=\"widget\" data-widget_type=\"text-editor.default\">\n\t\t\t\t<div class=\"elementor-widget-container\">\n\t\t\t\t\t\t\t<p>20.05.2026<\/p>\t\t\t\t\t\t<\/div>\n\t\t\t\t<\/div>\n\t\t\t\t<\/div>\n\t\t<div class=\"elementor-element elementor-element-5a997f8 e-con-full e-flex e-con e-child\" data-id=\"5a997f8\" data-element_type=\"container\" data-settings=\"{&quot;background_background&quot;:&quot;classic&quot;}\">\n\t\t\t\t<div class=\"elementor-element elementor-element-ab12724 elementor-vertical-align-middle elementor-widget elementor-widget-icon-box\" data-id=\"ab12724\" data-element_type=\"widget\" data-widget_type=\"icon-box.default\">\n\t\t\t\t<div class=\"elementor-widget-container\">\n\t\t\t\t\t<div class=\"elementor-icon-box-wrapper\">\n\n\t\t\t\n\t\t\t\t\t\t<div class=\"elementor-icon-box-content\">\n\n\t\t\t\t\t\t\t\t\t<p class=\"elementor-icon-box-title\">\n\t\t\t\t\t\t<span  >\n\t\t\t\t\t\t\tFinal deadline for registration for the Conference. <br>Registration form on the website: \t\t\t\t\t\t<\/span>\n\t\t\t\t\t<\/p>\n\t\t\t\t\n\t\t\t\t\t\t\t\t\t<p class=\"elementor-icon-box-description\">\n\t\t\t\t\t\t<a title=\"wulsannals (internal link, opens in new tab)\" href=\"https:\/\/forms.office.com\/pages\/responsepage.aspx?id=Qiv5cNMdqUGuDgHL5Hy8eXxlPO6AMoJJjGSfDcQ3RctUNjdMQzFWSUVSMFlTV04zN05YRDVUNFZGViQlQCN0PWcu&amp;route=shorturl\" target=\"_blank\" rel=\"noopener\">https:\/\/forms.office.com\/Pages\/ResponsePage.aspx?id=Qiv5cNMdqUGuDgHL5Hy8eezlBLb8MPJNiliR3cqlwiFURUlCNDROSUtYME4yN0lHU1BDOUtWOE0wWC4u&amp;lang=en-gb<\/a>\t\t\t\t\t<\/p>\n\t\t\t\t\n\t\t\t<\/div>\n\t\t\t\n\t\t<\/div>\n\t\t\t\t<\/div>\n\t\t\t\t<\/div>\n\t\t\t\t<\/div>\n\t\t\t\t<\/div>\n\t\t<div class=\"elementor-element elementor-element-df71045 e-con-full e-flex e-con e-child\" data-id=\"df71045\" data-element_type=\"container\">\n\t\t<div class=\"elementor-element elementor-element-64e7562 e-con-full e-flex e-con e-child\" data-id=\"64e7562\" data-element_type=\"container\" data-settings=\"{&quot;background_background&quot;:&quot;classic&quot;}\">\n\t\t\t\t<div class=\"elementor-element elementor-element-763d259 elementor-widget elementor-widget-text-editor\" data-id=\"763d259\" data-element_type=\"widget\" data-widget_type=\"text-editor.default\">\n\t\t\t\t<div class=\"elementor-widget-container\">\n\t\t\t\t\t\t\t<p>20.05.2026<\/p>\t\t\t\t\t\t<\/div>\n\t\t\t\t<\/div>\n\t\t\t\t<\/div>\n\t\t<div class=\"elementor-element elementor-element-74139cc e-con-full e-flex e-con e-child\" data-id=\"74139cc\" data-element_type=\"container\" data-settings=\"{&quot;background_background&quot;:&quot;classic&quot;}\">\n\t\t\t\t<div class=\"elementor-element elementor-element-6a6690d elementor-vertical-align-middle elementor-widget elementor-widget-icon-box\" data-id=\"6a6690d\" data-element_type=\"widget\" data-widget_type=\"icon-box.default\">\n\t\t\t\t<div class=\"elementor-widget-container\">\n\t\t\t\t\t<div class=\"elementor-icon-box-wrapper\">\n\n\t\t\t\n\t\t\t\t\t\t<div class=\"elementor-icon-box-content\">\n\n\t\t\t\t\t\t\t\t\t<p class=\"elementor-icon-box-title\">\n\t\t\t\t\t\t<span  >\n\t\t\t\t\t\t\tThe final deadline for payment of the conference participation fee.\t\t\t\t\t\t<\/span>\n\t\t\t\t\t<\/p>\n\t\t\t\t\n\t\t\t\t\n\t\t\t<\/div>\n\t\t\t\n\t\t<\/div>\n\t\t\t\t<\/div>\n\t\t\t\t<\/div>\n\t\t\t\t<\/div>\n\t\t\t\t<\/div>\n\t\t<div class=\"elementor-element elementor-element-6b3c50e e-con-full e-flex e-con e-child\" data-id=\"6b3c50e\" data-element_type=\"container\">\n\t\t<div class=\"elementor-element elementor-element-515392a e-con-full e-flex e-con e-child\" data-id=\"515392a\" data-element_type=\"container\" data-settings=\"{&quot;background_background&quot;:&quot;classic&quot;}\">\n\t\t\t\t<div class=\"elementor-element elementor-element-7e82368 elementor-vertical-align-middle elementor-widget elementor-widget-icon-box\" data-id=\"7e82368\" data-element_type=\"widget\" data-widget_type=\"icon-box.default\">\n\t\t\t\t<div class=\"elementor-widget-container\">\n\t\t\t\t\t<div class=\"elementor-icon-box-wrapper\">\n\n\t\t\t\n\t\t\t\t\t\t<div class=\"elementor-icon-box-content\">\n\n\t\t\t\t\t\t\t\t\t<p class=\"elementor-icon-box-title\">\n\t\t\t\t\t\t<span  >\n\t\t\t\t\t\t\tAn additional option for interested participants:\t\t\t\t\t\t<\/span>\n\t\t\t\t\t<\/p>\n\t\t\t\t\n\t\t\t\t\n\t\t\t<\/div>\n\t\t\t\n\t\t<\/div>\n\t\t\t\t<\/div>\n\t\t\t\t<\/div>\n\t\t\t\t<\/div>\n\t\t\t\t<\/div>\n\t\t<div class=\"elementor-element elementor-element-98b9796 e-con-full e-flex e-con e-child\" data-id=\"98b9796\" data-element_type=\"container\">\n\t\t<div class=\"elementor-element elementor-element-2185478 e-con-full e-flex e-con e-child\" data-id=\"2185478\" data-element_type=\"container\" data-settings=\"{&quot;background_background&quot;:&quot;classic&quot;}\">\n\t\t\t\t<div class=\"elementor-element elementor-element-f447a69 elementor-widget elementor-widget-text-editor\" data-id=\"f447a69\" data-element_type=\"widget\" data-widget_type=\"text-editor.default\">\n\t\t\t\t<div class=\"elementor-widget-container\">\n\t\t\t\t\t\t\t<p>15.05.2026<\/p>\t\t\t\t\t\t<\/div>\n\t\t\t\t<\/div>\n\t\t\t\t<\/div>\n\t\t<div class=\"elementor-element elementor-element-bc0a32d e-con-full e-flex e-con e-child\" data-id=\"bc0a32d\" data-element_type=\"container\" data-settings=\"{&quot;background_background&quot;:&quot;classic&quot;}\">\n\t\t\t\t<div class=\"elementor-element elementor-element-a9021bc elementor-widget elementor-widget-text-editor\" data-id=\"a9021bc\" data-element_type=\"widget\" data-widget_type=\"text-editor.default\">\n\t\t\t\t<div class=\"elementor-widget-container\">\n\t\t\t\t\t\t\t<p>Original scientific articles can be published in the journal:<\/p><p>\u201cAnnals of Warsaw University of Life Sciences SGGW Forestry and Wood Technology\u201d (<a title=\"wulsannals (internal link, opens in new tab)\" href=\"https:\/\/wulsannals.com\/\" target=\"_blank\" rel=\"noopener\">https:\/\/wulsannals.com\/<\/a>) free of charge, and the publication language is English. Authors interested in publishing should submit the article to the system:<\/p><p><a title=\"editors publishers panel(internal link, opens in new tab)\" href=\"https:\/\/editors.publisherspanel.com\/ppanel\/index?issn=1898-5912&amp;language=en\" target=\"_blank\" rel=\"noopener\">https:\/\/editors.publisherspanel.com\/ppanel\/index?issn=1898-5912&amp;language=en<\/a><\/p><p>Editorial requirements: (<a title=\"Editorial requirements (internal link, opens in new tab)\" href=\"https:\/\/wulsannals.com\/cms\/mymanuscripts\" target=\"_blank\" rel=\"noopener\">click on the link<\/a>)<\/p><p>The journal editors decide on the publication of the article.<\/p><p>&#8220;Bulletin of the Military University of Technology&#8221; (<a title=\"Bulletin of the Military University of Technology (internal link, opens in new tab)\" href=\"https:\/\/biuletynwat.pl\" target=\"_blank\" rel=\"noopener\">https:\/\/biuletynwat.pl<\/a>) free of charge, and the publication language is English. Authors interested in publishing should submit the article to the system:<\/p><p><a title=\"editors (internal link, opens in new tab)\" href=\"https:\/\/editors.publisherspanel.com\/ppanel\/index\" target=\"_blank\" rel=\"noopener\">https:\/\/editors.publisherspanel.com\/ppanel\/index<\/a><\/p><p>Editorial requirements: (<a title=\"Editorial requirements (internal link, opens in new tab)\" href=\"https:\/\/indm.sggw.edu.pl\/wp-content\/uploads\/sites\/13\/2025\/01\/Instructions-for-authors1.pdf\" target=\"_blank\" rel=\"noopener\">click on the link<\/a>)<\/p><p>The journal editors decide on the publication of the article.<\/p>\t\t\t\t\t\t<\/div>\n\t\t\t\t<\/div>\n\t\t\t\t<\/div>\n\t\t\t\t<\/div>\n\t\t\t\t\t<\/div>\n\t\t\t\t<\/div>\n\t\t<div class=\"elementor-element elementor-element-c971916 e-flex e-con-boxed e-con e-child\" data-id=\"c971916\" data-element_type=\"container\" data-settings=\"{&quot;background_background&quot;:&quot;classic&quot;}\">\n\t\t\t\t\t<div class=\"e-con-inner\">\n\t\t<div class=\"elementor-element elementor-element-9232151 e-con-full e-flex e-con e-child\" data-id=\"9232151\" data-element_type=\"container\">\n\t\t<div class=\"elementor-element elementor-element-e02c297 e-con-full e-flex e-con e-child\" data-id=\"e02c297\" data-element_type=\"container\" data-settings=\"{&quot;background_background&quot;:&quot;classic&quot;}\">\n\t\t\t\t<div class=\"elementor-element elementor-element-5d6fc05 elementor-widget elementor-widget-heading\" data-id=\"5d6fc05\" data-element_type=\"widget\" data-widget_type=\"heading.default\">\n\t\t\t\t<div class=\"elementor-widget-container\">\n\t\t\t<h2 class=\"elementor-heading-title elementor-size-default\">FEES<\/h2>\t\t<\/div>\n\t\t\t\t<\/div>\n\t\t\t\t<\/div>\n\t\t\t\t<\/div>\n\t\t<div class=\"elementor-element elementor-element-6718adb e-con-full e-flex e-con e-child\" data-id=\"6718adb\" data-element_type=\"container\">\n\t\t<div class=\"elementor-element elementor-element-10dcc85 e-con-full e-flex e-con e-child\" data-id=\"10dcc85\" data-element_type=\"container\" data-settings=\"{&quot;background_background&quot;:&quot;classic&quot;}\">\n\t\t\t\t<div class=\"elementor-element elementor-element-55f8244 elementor-widget elementor-widget-text-editor\" data-id=\"55f8244\" data-element_type=\"widget\" data-widget_type=\"text-editor.default\">\n\t\t\t\t<div class=\"elementor-widget-container\">\n\t\t\t\t\t\t\t<p>Conference participants<\/p>\t\t\t\t\t\t<\/div>\n\t\t\t\t<\/div>\n\t\t\t\t<div class=\"elementor-element elementor-element-ac193e5 elementor-widget__width-initial elementor-widget elementor-widget-text-editor\" data-id=\"ac193e5\" data-element_type=\"widget\" data-widget_type=\"text-editor.default\">\n\t\t\t\t<div class=\"elementor-widget-container\">\n\t\t\t\t\t\t\t<p>Students \/ PhD Students \/ <span class=\"Y2IQFc\" lang=\"en\">SGGW employees<\/span><\/p>\t\t\t\t\t\t<\/div>\n\t\t\t\t<\/div>\n\t\t\t\t<\/div>\n\t\t<div class=\"elementor-element elementor-element-e3de6d4 e-con-full e-flex e-con e-child\" data-id=\"e3de6d4\" data-element_type=\"container\" data-settings=\"{&quot;background_background&quot;:&quot;classic&quot;}\">\n\t\t\t\t<div class=\"elementor-element elementor-element-f186ce8 elementor-vertical-align-middle elementor-widget elementor-widget-icon-box\" data-id=\"f186ce8\" data-element_type=\"widget\" data-widget_type=\"icon-box.default\">\n\t\t\t\t<div class=\"elementor-widget-container\">\n\t\t\t\t\t<div class=\"elementor-icon-box-wrapper\">\n\n\t\t\t\n\t\t\t\t\t\t<div class=\"elementor-icon-box-content\">\n\n\t\t\t\t\t\t\t\t\t<p class=\"elementor-icon-box-title\">\n\t\t\t\t\t\t<span  >\n\t\t\t\t\t\t\t750,-  PLN\t\t\t\t\t\t<\/span>\n\t\t\t\t\t<\/p>\n\t\t\t\t\n\t\t\t\t\n\t\t\t<\/div>\n\t\t\t\n\t\t<\/div>\n\t\t\t\t<\/div>\n\t\t\t\t<\/div>\n\t\t\t\t<div class=\"elementor-element elementor-element-c2025e9 elementor-vertical-align-middle elementor-widget elementor-widget-icon-box\" data-id=\"c2025e9\" data-element_type=\"widget\" data-widget_type=\"icon-box.default\">\n\t\t\t\t<div class=\"elementor-widget-container\">\n\t\t\t\t\t<div class=\"elementor-icon-box-wrapper\">\n\n\t\t\t\n\t\t\t\t\t\t<div class=\"elementor-icon-box-content\">\n\n\t\t\t\t\t\t\t\t\t<p class=\"elementor-icon-box-title\">\n\t\t\t\t\t\t<span  >\n\t\t\t\t\t\t\t500,-  PLN\t\t\t\t\t\t<\/span>\n\t\t\t\t\t<\/p>\n\t\t\t\t\n\t\t\t\t\n\t\t\t<\/div>\n\t\t\t\n\t\t<\/div>\n\t\t\t\t<\/div>\n\t\t\t\t<\/div>\n\t\t\t\t<\/div>\n\t\t\t\t<\/div>\n\t\t<div class=\"elementor-element elementor-element-7890b8d e-con-full e-flex e-con e-child\" data-id=\"7890b8d\" data-element_type=\"container\">\n\t\t<div class=\"elementor-element elementor-element-cb32988 e-con-full e-flex e-con e-child\" data-id=\"cb32988\" data-element_type=\"container\" data-settings=\"{&quot;background_background&quot;:&quot;classic&quot;}\">\n\t\t\t\t<div class=\"elementor-element elementor-element-81897e6 elementor-widget__width-initial elementor-widget elementor-widget-text-editor\" data-id=\"81897e6\" data-element_type=\"widget\" data-widget_type=\"text-editor.default\">\n\t\t\t\t<div class=\"elementor-widget-container\">\n\t\t\t\t\t\t\t<p>\u00a0<\/p><p><strong><span class=\"Y2IQFc\" lang=\"en\">With the note: Z00013, name and surname<\/span><\/strong><\/p>\t\t\t\t\t\t<\/div>\n\t\t\t\t<\/div>\n\t\t\t\t<\/div>\n\t\t<div class=\"elementor-element elementor-element-1f44e6a e-con-full e-flex e-con e-child\" data-id=\"1f44e6a\" data-element_type=\"container\" data-settings=\"{&quot;background_background&quot;:&quot;classic&quot;}\">\n\t\t\t\t<\/div>\n\t\t\t\t<\/div>\n\t\t\t\t\t<\/div>\n\t\t\t\t<\/div>\n\t\t<div class=\"elementor-element elementor-element-6eb8429 e-flex e-con-boxed e-con e-parent\" data-id=\"6eb8429\" data-element_type=\"container\">\n\t\t\t\t\t<div class=\"e-con-inner\">\n\t\t\t\t<div class=\"elementor-element elementor-element-3d27712 elementor-widget elementor-widget-text-editor\" data-id=\"3d27712\" data-element_type=\"widget\" data-widget_type=\"text-editor.default\">\n\t\t\t\t<div class=\"elementor-widget-container\">\n\t\t\t\t\t\t\t<p>The conference fee should be paid by 20.05.2026 to the account:<\/p><p>Conference bank account payment in <strong>EURO<\/strong>:\u00a0 <strong>SWIFT:<\/strong> \u00a0<strong>PKOPPLPW <\/strong><\/p><p><strong>IBAN: PL\u00a0<\/strong> 87 1240 6003 1978 0000 4942 2261<\/p><p>Conference bank account contributions in <strong>PLN<\/strong>: 46 1240 6003 1111 0000 4941 0574<\/p><p>Warsaw University of Life Sciences, 166 Nowoursynowska St, 02-787 Warsaw<\/p><p>With the annotation: \u201cconference_INDM_name.\u201d<\/p><p>The conference fee covers participation in the conference, organizational costs, coffee and lunch breaks, and a gala dinner.<\/p><p>The conference fee does not include the cost of accommodation.<\/p><p><a title=\"file indm pdf (internal link, opens in new tab)\" href=\"https:\/\/indm.sggw.edu.pl\/wp-content\/uploads\/sites\/13\/2025\/01\/Information-Clause_2.pdf\" target=\"_blank\" rel=\"noopener\">RODO<\/a> information for participants of scientific conferences organized by the Warsaw University of Life Sciences<\/p><p>Conference regulations: <a title=\"file RODO pdf (internal link, opens in new tab)\" href=\"https:\/\/indm.sggw.edu.pl\/wp-content\/uploads\/sites\/13\/2025\/01\/regulamin_29.01_DSz.pdf\" target=\"_blank\" rel=\"noopener\">click on the link<\/a><\/p>\t\t\t\t\t\t<\/div>\n\t\t\t\t<\/div>\n\t\t\t\t<div class=\"elementor-element elementor-element-780a365 elementor-widget elementor-widget-heading\" data-id=\"780a365\" data-element_type=\"widget\" data-widget_type=\"heading.default\">\n\t\t\t\t<div class=\"elementor-widget-container\">\n\t\t\t<h2 class=\"elementor-heading-title elementor-size-default\">Contact:<\/h2>\t\t<\/div>\n\t\t\t\t<\/div>\n\t\t\t\t<div class=\"elementor-element elementor-element-05844c8 elementor-widget elementor-widget-text-editor\" data-id=\"05844c8\" data-element_type=\"widget\" data-widget_type=\"text-editor.default\">\n\t\t\t\t<div class=\"elementor-widget-container\">\n\t\t\t\t\t\t\t<p>Institute of Wood Science and Furniture<\/p>\n<p>159 Nowoursynowska St.<\/p>\n<p>02-776 Warsaw<\/p>\n<p>tel.: +48 22 59 38\u00a0501<\/p>\n<p>mail: <a title=\"Kliknij, aby wys\u0142a\u0107 wiadomo\u015b\u0107\" href=\"mailto:konferencja_indm@sggw.edu.pl\">konferencja_indm@sggw.edu.pl<\/a><\/p>\n\t\t\t\t\t\t<\/div>\n\t\t\t\t<\/div>\n\t\t\t\t<div class=\"elementor-element elementor-element-b6533f3 elementor-widget elementor-widget-heading\" data-id=\"b6533f3\" data-element_type=\"widget\" data-widget_type=\"heading.default\">\n\t\t\t\t<div class=\"elementor-widget-container\">\n\t\t\t<h2 class=\"elementor-heading-title elementor-size-default\">Downloads:<\/h2>\t\t<\/div>\n\t\t\t\t<\/div>\n\t\t\t\t<div class=\"elementor-element elementor-element-7535ab1 elementor-widget elementor-widget-text-editor\" data-id=\"7535ab1\" data-element_type=\"widget\" data-widget_type=\"text-editor.default\">\n\t\t\t\t<div class=\"elementor-widget-container\">\n\t\t\t\t\t\t\t<p><a href=\"https:\/\/wood21.sggw.edu.pl\/wp-content\/uploads\/sites\/205\/2025\/04\/KONFERENCJA-Prezentacja_SGGW.pptx\">Presentation template<\/a><\/p><p><a href=\"https:\/\/wood21.sggw.edu.pl\/wp-content\/uploads\/sites\/205\/2025\/04\/KONFERENCJA-Poster_SGGW.pptx\">Poster<\/a><\/p>\t\t\t\t\t\t<\/div>\n\t\t\t\t<\/div>\n\t\t\t\t\t<\/div>\n\t\t\t\t<\/div>\n\t\t<div class=\"elementor-element elementor-element-fabca5d e-con-full e-flex e-con e-parent\" data-id=\"fabca5d\" data-element_type=\"container\">\n\t\t\t\t<div class=\"elementor-element elementor-element-f0a1563 elementor-widget elementor-widget-spacer\" data-id=\"f0a1563\" data-element_type=\"widget\" data-widget_type=\"spacer.default\">\n\t\t\t\t<div class=\"elementor-widget-container\">\n\t\t\t\t\t<div class=\"elementor-spacer\">\n\t\t\t<div class=\"elementor-spacer-inner\"><\/div>\n\t\t<\/div>\n\t\t\t\t<\/div>\n\t\t\t\t<\/div>\n\t\t<div class=\"elementor-element elementor-element-98ea0f2 e-con-full e-flex e-con e-child\" data-id=\"98ea0f2\" data-element_type=\"container\">\n\t\t\t\t<div class=\"elementor-element elementor-element-8e541bc elementor-widget elementor-widget-google_maps\" data-id=\"8e541bc\" data-element_type=\"widget\" data-widget_type=\"google_maps.default\">\n\t\t\t\t<div class=\"elementor-widget-container\">\n\t\t\t\t\t<div class=\"elementor-custom-embed\">\n\t\t\t<iframe loading=\"lazy\"\n\t\t\t\t\tsrc=\"https:\/\/maps.google.com\/maps?q=Ikar%20sggw&#038;t=m&#038;z=16&#038;output=embed&#038;iwloc=near\"\n\t\t\t\t\ttitle=\"Ikar sggw\"\n\t\t\t\t\taria-label=\"Ikar sggw\"\n\t\t\t><\/iframe>\n\t\t<\/div>\n\t\t\t\t<\/div>\n\t\t\t\t<\/div>\n\t\t\t\t<\/div>\n\t\t\t\t<\/div>\n\t\t\t\t<\/div>\n\t\t","protected":false},"excerpt":{"rendered":"<p>Registrations REGISTER HERE Timetable 20.05.2026 Final deadline for registration for the Conference. Registration form on the website: https:\/\/forms.office.com\/Pages\/ResponsePage.aspx?id=Qiv5cNMdqUGuDgHL5Hy8eezlBLb8MPJNiliR3cqlwiFURUlCNDROSUtYME4yN0lHU1BDOUtWOE0wWC4u&amp;lang=en-gb 20.05.2026 The final deadline for payment of the conference participation fee. An additional option for interested participants: 15.05.2026 Original scientific articles can be published in the journal: \u201cAnnals of Warsaw University of Life Sciences SGGW Forestry and [&hellip;]<\/p>\n","protected":false},"author":36601,"featured_media":0,"parent":0,"menu_order":2,"comment_status":"closed","ping_status":"closed","template":"","meta":{"_acf_changed":false,"footnotes":""},"class_list":["post-2490","page","type-page","status-publish","hentry"],"acf":[],"_links":{"self":[{"href":"https:\/\/wood21.sggw.edu.pl\/en\/wp-json\/wp\/v2\/pages\/2490","targetHints":{"allow":["GET"]}}],"collection":[{"href":"https:\/\/wood21.sggw.edu.pl\/en\/wp-json\/wp\/v2\/pages"}],"about":[{"href":"https:\/\/wood21.sggw.edu.pl\/en\/wp-json\/wp\/v2\/types\/page"}],"author":[{"embeddable":true,"href":"https:\/\/wood21.sggw.edu.pl\/en\/wp-json\/wp\/v2\/users\/36601"}],"replies":[{"embeddable":true,"href":"https:\/\/wood21.sggw.edu.pl\/en\/wp-json\/wp\/v2\/comments?post=2490"}],"version-history":[{"count":61,"href":"https:\/\/wood21.sggw.edu.pl\/en\/wp-json\/wp\/v2\/pages\/2490\/revisions"}],"predecessor-version":[{"id":3727,"href":"https:\/\/wood21.sggw.edu.pl\/en\/wp-json\/wp\/v2\/pages\/2490\/revisions\/3727"}],"wp:attachment":[{"href":"https:\/\/wood21.sggw.edu.pl\/en\/wp-json\/wp\/v2\/media?parent=2490"}],"curies":[{"name":"wp","href":"https:\/\/api.w.org\/{rel}","templated":true}]}}