{"id":2494,"date":"2025-03-26T15:10:41","date_gmt":"2025-03-26T14:10:41","guid":{"rendered":"https:\/\/wood21.sggw.edu.pl\/kontakt\/"},"modified":"2025-03-31T12:12:51","modified_gmt":"2025-03-31T10:12:51","slug":"kontakt","status":"publish","type":"page","link":"https:\/\/wood21.sggw.edu.pl\/en\/kontakt\/","title":{"rendered":"Contact"},"content":{"rendered":"\t\t<div data-elementor-type=\"wp-page\" data-elementor-id=\"2494\" class=\"elementor elementor-2494\" data-elementor-post-type=\"page\">\n\t\t\t\t<div class=\"elementor-element elementor-element-317d234 e-flex e-con-boxed e-con e-parent\" data-id=\"317d234\" data-element_type=\"container\">\n\t\t\t\t\t<div class=\"e-con-inner\">\n\t\t\t\t<div class=\"elementor-element elementor-element-7904675 elementor-widget elementor-widget-wp-widget-bcn_widget\" data-id=\"7904675\" data-element_type=\"widget\" data-widget_type=\"wp-widget-bcn_widget.default\">\n\t\t\t\t<div class=\"elementor-widget-container\">\n\t\t\t<div class=\"mn-grid breadcrumb\">\n                                    <div class=\"breadcrumb-inner mn-grid-12\"><div class=\"breadcrumbs\" vocab=\"https:\/\/schema.org\/\" typeof=\"BreadcrumbList\"><span property=\"itemListElement\" typeof=\"ListItem\"><a property=\"item\" typeof=\"WebPage\" title=\"Go to SGGW Witryn.\" href=\"https:\/\/www.sggw.edu.pl\/\" class=\"main-home\" ><span property=\"name\">SGGW Witryn<\/span><\/a><meta property=\"position\" content=\"1\"><\/span> \/ <span property=\"itemListElement\" typeof=\"ListItem\"><a property=\"item\" typeof=\"WebPage\" title=\"Go to Konferencja drewno21.\" href=\"https:\/\/wood21.sggw.edu.pl\/en\/\" class=\"home\" aria-current=\"page\"><span property=\"name\">Home<\/span><\/a><meta property=\"position\" content=\"2\"><\/span><\/div>    <\/div>\n                                <\/div>\t\t<\/div>\n\t\t\t\t<\/div>\n\t\t\t\t<div class=\"elementor-element elementor-element-2710e4d elementor-widget elementor-widget-heading\" data-id=\"2710e4d\" data-element_type=\"widget\" data-widget_type=\"heading.default\">\n\t\t\t\t<div class=\"elementor-widget-container\">\n\t\t\t<h2 class=\"elementor-heading-title elementor-size-default\">Contact us<\/h2>\t\t<\/div>\n\t\t\t\t<\/div>\n\t\t\t\t\t<\/div>\n\t\t\t\t<\/div>\n\t\t<div class=\"elementor-element elementor-element-ac14142 e-flex e-con-boxed e-con e-parent\" data-id=\"ac14142\" data-element_type=\"container\">\n\t\t\t\t\t<div class=\"e-con-inner\">\n\t\t\t\t<div class=\"elementor-element elementor-element-4d7bfaf elementor-widget elementor-widget-spacer\" data-id=\"4d7bfaf\" data-element_type=\"widget\" data-widget_type=\"spacer.default\">\n\t\t\t\t<div class=\"elementor-widget-container\">\n\t\t\t\t\t<div class=\"elementor-spacer\">\n\t\t\t<div class=\"elementor-spacer-inner\"><\/div>\n\t\t<\/div>\n\t\t\t\t<\/div>\n\t\t\t\t<\/div>\n\t\t\t\t<div class=\"elementor-element elementor-element-afa1269 elementor-vertical-align-middle elementor-widget elementor-widget-icon-box\" data-id=\"afa1269\" data-element_type=\"widget\" data-widget_type=\"icon-box.default\">\n\t\t\t\t<div class=\"elementor-widget-container\">\n\t\t\t\t\t<div class=\"elementor-icon-box-wrapper\">\n\n\t\t\t\n\t\t\t\t\t\t<div class=\"elementor-icon-box-content\">\n\n\t\t\t\t\t\t\t\t\t<p class=\"elementor-icon-box-title\">\n\t\t\t\t\t\t<span  >\n\t\t\t\t\t\t\tAdres\t\t\t\t\t\t<\/span>\n\t\t\t\t\t<\/p>\n\t\t\t\t\n\t\t\t\t\t\t\t\t\t<p class=\"elementor-icon-box-description\">\n\t\t\t\t\t\tInstitute of Wood Sciences and Furniture, <br>159 Nowoursynowska St., <br>02-776 Warsaw\t\t\t\t\t<\/p>\n\t\t\t\t\n\t\t\t<\/div>\n\t\t\t\n\t\t<\/div>\n\t\t\t\t<\/div>\n\t\t\t\t<\/div>\n\t\t\t\t<div class=\"elementor-element elementor-element-ea66081 elementor-widget elementor-widget-text-editor\" data-id=\"ea66081\" data-element_type=\"widget\" data-widget_type=\"text-editor.default\">\n\t\t\t\t<div class=\"elementor-widget-container\">\n\t\t\t\t\t\t\t<p>E-mail: <a href=\"mailto:konferencja_indm@sggw.edu.pl\" title=\"Kliknij, aby wys\u0142a\u0107 wiadomo\u015b\u0107\">konferencja_indm@sggw.edu.pl<\/a><\/p>\n\t\t\t\t\t\t<\/div>\n\t\t\t\t<\/div>\n\t\t\t\t<div class=\"elementor-element elementor-element-bb77c5f elementor-widget elementor-widget-text-editor\" data-id=\"bb77c5f\" data-element_type=\"widget\" data-widget_type=\"text-editor.default\">\n\t\t\t\t<div class=\"elementor-widget-container\">\n\t\t\t\t\t\t\t<p>Phone: <a title=\"Kliknij, aby wys\u0142a\u0107 wiadomo\u015b\u0107\" href=\"tel:+48225938501\" target=\"_blank\" rel=\"noopener\" title=\"numer telefonu kontaktowego\">+48 22 59 38 501<\/a><\/p>\n\t\t\t\t\t\t<\/div>\n\t\t\t\t<\/div>\n\t\t\t\t\t<\/div>\n\t\t\t\t<\/div>\n\t\t<div class=\"elementor-element elementor-element-89115f2 e-con-full e-flex e-con e-parent\" data-id=\"89115f2\" data-element_type=\"container\">\n\t\t\t\t<div class=\"elementor-element elementor-element-3a989e2 elementor-widget elementor-widget-spacer\" data-id=\"3a989e2\" data-element_type=\"widget\" data-widget_type=\"spacer.default\">\n\t\t\t\t<div class=\"elementor-widget-container\">\n\t\t\t\t\t<div class=\"elementor-spacer\">\n\t\t\t<div class=\"elementor-spacer-inner\"><\/div>\n\t\t<\/div>\n\t\t\t\t<\/div>\n\t\t\t\t<\/div>\n\t\t<div class=\"elementor-element elementor-element-77a4bb8 e-con-full e-flex e-con e-child\" data-id=\"77a4bb8\" data-element_type=\"container\">\n\t\t\t\t<div class=\"elementor-element elementor-element-72ba0a7 elementor-widget elementor-widget-google_maps\" data-id=\"72ba0a7\" data-element_type=\"widget\" data-widget_type=\"google_maps.default\">\n\t\t\t\t<div class=\"elementor-widget-container\">\n\t\t\t\t\t<div class=\"elementor-custom-embed\">\n\t\t\t<iframe loading=\"lazy\"\n\t\t\t\t\tsrc=\"https:\/\/maps.google.com\/maps?q=Budynek%2034%2C%20Nowoursynowska%20159%2C%2002-776%20Warszawa&#038;t=m&#038;z=16&#038;output=embed&#038;iwloc=near\"\n\t\t\t\t\ttitle=\"Budynek 34, Nowoursynowska 159, 02-776 Warszawa\"\n\t\t\t\t\taria-label=\"Budynek 34, Nowoursynowska 159, 02-776 Warszawa\"\n\t\t\t><\/iframe>\n\t\t<\/div>\n\t\t\t\t<\/div>\n\t\t\t\t<\/div>\n\t\t\t\t<\/div>\n\t\t\t\t<\/div>\n\t\t\t\t<\/div>\n\t\t","protected":false},"excerpt":{"rendered":"<p>Contact us Adres Institute of Wood Sciences and Furniture, 159 Nowoursynowska St., 02-776 Warsaw E-mail: konferencja_indm@sggw.edu.pl Phone: +48 22 59 38 501<\/p>\n","protected":false},"author":36601,"featured_media":0,"parent":0,"menu_order":0,"comment_status":"closed","ping_status":"closed","template":"","meta":{"_acf_changed":false,"footnotes":""},"class_list":["post-2494","page","type-page","status-publish","hentry"],"acf":[],"_links":{"self":[{"href":"https:\/\/wood21.sggw.edu.pl\/en\/wp-json\/wp\/v2\/pages\/2494","targetHints":{"allow":["GET"]}}],"collection":[{"href":"https:\/\/wood21.sggw.edu.pl\/en\/wp-json\/wp\/v2\/pages"}],"about":[{"href":"https:\/\/wood21.sggw.edu.pl\/en\/wp-json\/wp\/v2\/types\/page"}],"author":[{"embeddable":true,"href":"https:\/\/wood21.sggw.edu.pl\/en\/wp-json\/wp\/v2\/users\/36601"}],"replies":[{"embeddable":true,"href":"https:\/\/wood21.sggw.edu.pl\/en\/wp-json\/wp\/v2\/comments?post=2494"}],"version-history":[{"count":4,"href":"https:\/\/wood21.sggw.edu.pl\/en\/wp-json\/wp\/v2\/pages\/2494\/revisions"}],"predecessor-version":[{"id":2595,"href":"https:\/\/wood21.sggw.edu.pl\/en\/wp-json\/wp\/v2\/pages\/2494\/revisions\/2595"}],"wp:attachment":[{"href":"https:\/\/wood21.sggw.edu.pl\/en\/wp-json\/wp\/v2\/media?parent=2494"}],"curies":[{"name":"wp","href":"https:\/\/api.w.org\/{rel}","templated":true}]}}